{"id":1364,"date":"2015-02-06T18:53:26","date_gmt":"2015-02-06T16:53:26","guid":{"rendered":"http:\/\/4-host.de\/sc-fridingen\/?page_id=1364"},"modified":"2021-01-07T11:24:48","modified_gmt":"2021-01-07T09:24:48","slug":"lift-und-pistenplan","status":"publish","type":"page","link":"https:\/\/4-host.de\/sc-fridingen\/lift-und-pistenplan\/","title":{"rendered":"Lift und Pistenplan"},"content":{"rendered":"\n<figure class=\"wp-block-image size-large\"><img loading=\"lazy\" decoding=\"async\" width=\"713\" height=\"1024\" src=\"https:\/\/4-host.de\/sc-fridingen\/files\/2021\/01\/Liftplan-1-713x1024.png\" alt=\"\" class=\"wp-image-3692\" srcset=\"https:\/\/4-host.de\/sc-fridingen\/files\/2021\/01\/Liftplan-1-713x1024.png 713w, https:\/\/4-host.de\/sc-fridingen\/files\/2021\/01\/Liftplan-1-209x300.png 209w, https:\/\/4-host.de\/sc-fridingen\/files\/2021\/01\/Liftplan-1-768x1103.png 768w, https:\/\/4-host.de\/sc-fridingen\/files\/2021\/01\/Liftplan-1.png 904w\" sizes=\"auto, (max-width: 713px) 100vw, 713px\" \/><\/figure>\n\n\n<h2>Lifte<\/h2>\n<h3>Schlepplift<\/h3>\n<p>Der Schlepplift war der erste Lift am Skihang Antoni\u00a0und bringt die Skifahrer zum Einstig der\u00a0Antoni- und Waldbahnabfahrt.<br \/><a href=\"https:\/\/4-host.de\/sc-fridingen\/files\/2016\/01\/IMG_9604_cr.jpg\" rel=\"attachment wp-att-1878\"><img loading=\"lazy\" decoding=\"async\" class=\"size-thumbnail wp-image-1878 alignnone\" src=\"https:\/\/4-host.de\/sc-fridingen\/files\/2016\/01\/IMG_9604_cr-150x150.jpg\" alt=\"Schlepplift\" width=\"150\" height=\"150\" \/><\/a> <a href=\"https:\/\/4-host.de\/sc-fridingen\/files\/2016\/01\/2016_01_18_08_11_54.jpg\" rel=\"attachment wp-att-1877\"><img loading=\"lazy\" decoding=\"async\" class=\"size-thumbnail wp-image-1877 alignnone\" src=\"https:\/\/4-host.de\/sc-fridingen\/files\/2016\/01\/2016_01_18_08_11_54-150x150.jpg\" alt=\"Schlepplift\" width=\"150\" height=\"150\" \/><\/a> <a href=\"https:\/\/4-host.de\/sc-fridingen\/files\/2015\/02\/IMG_7209.jpg\" rel=\"attachment wp-att-1874\"><img loading=\"lazy\" decoding=\"async\" class=\"size-thumbnail wp-image-1874 alignnone\" src=\"https:\/\/4-host.de\/sc-fridingen\/files\/2015\/02\/IMG_7209-150x150.jpg\" alt=\"Schlepplift\" width=\"150\" height=\"150\" \/><\/a><\/p>\n<h3>Kinderlift<\/h3>\n<p>Der Kinderlift ist ein Teller\/-B\u00fcgellift der von unseren kleinen und gro\u00dfen Skifahrern gerne genutzt wird.<\/p>\n<p><a href=\"https:\/\/4-host.de\/sc-fridingen\/files\/2014\/12\/kinderlift.jpg\" rel=\"attachment wp-att-1091\"><img loading=\"lazy\" decoding=\"async\" class=\"size-thumbnail wp-image-1091 alignnone\" src=\"https:\/\/4-host.de\/sc-fridingen\/files\/2014\/12\/kinderlift-150x150.jpg\" alt=\"kinderlift\" width=\"150\" height=\"150\" srcset=\"https:\/\/4-host.de\/sc-fridingen\/files\/2014\/12\/kinderlift-150x150.jpg 150w, https:\/\/4-host.de\/sc-fridingen\/files\/2014\/12\/kinderlift-200x200.jpg 200w\" sizes=\"auto, (max-width: 150px) 100vw, 150px\" \/><\/a> <a href=\"https:\/\/4-host.de\/sc-fridingen\/files\/2015\/01\/DSC05980.jpg\" rel=\"attachment wp-att-1241\"><img loading=\"lazy\" decoding=\"async\" class=\"size-thumbnail wp-image-1241 alignnone\" src=\"https:\/\/4-host.de\/sc-fridingen\/files\/2015\/01\/DSC05980-150x150.jpg\" alt=\"Kinderlift\" width=\"150\" height=\"150\" srcset=\"https:\/\/4-host.de\/sc-fridingen\/files\/2015\/01\/DSC05980-150x150.jpg 150w, https:\/\/4-host.de\/sc-fridingen\/files\/2015\/01\/DSC05980-200x200.jpg 200w\" sizes=\"auto, (max-width: 150px) 100vw, 150px\" \/><\/a> <a href=\"https:\/\/4-host.de\/sc-fridingen\/files\/2015\/02\/IMG_3462-001.jpg\" rel=\"attachment wp-att-1880\"><img loading=\"lazy\" decoding=\"async\" class=\"size-thumbnail wp-image-1880 alignnone\" src=\"https:\/\/4-host.de\/sc-fridingen\/files\/2015\/02\/IMG_3462-001-150x150.jpg\" alt=\"Kinderlift\" width=\"150\" height=\"150\" srcset=\"https:\/\/4-host.de\/sc-fridingen\/files\/2015\/02\/IMG_3462-001-150x150.jpg 150w, https:\/\/4-host.de\/sc-fridingen\/files\/2015\/02\/IMG_3462-001-200x200.jpg 200w\" sizes=\"auto, (max-width: 150px) 100vw, 150px\" \/><\/a><\/p>\n<h3>Skischul-Seillift<\/h3>\n<p>Auf der Skischul-Fl\u00e4che befindet sich der 2015 erworbene\u00a0150m lange Seillift.<\/p>\n<p><a href=\"https:\/\/4-host.de\/sc-fridingen\/files\/2015\/02\/IMG_9517-1.jpg\" rel=\"attachment wp-att-1881\"><img loading=\"lazy\" decoding=\"async\" class=\"size-thumbnail wp-image-1881 alignnone\" src=\"https:\/\/4-host.de\/sc-fridingen\/files\/2015\/02\/IMG_9517-1-150x150.jpg\" alt=\"Seillift\" width=\"150\" height=\"150\" \/><\/a> <a href=\"https:\/\/4-host.de\/sc-fridingen\/files\/2015\/02\/ski1-1.jpg\" rel=\"attachment wp-att-1882\"><img loading=\"lazy\" decoding=\"async\" class=\"size-thumbnail wp-image-1882 alignnone\" src=\"https:\/\/4-host.de\/sc-fridingen\/files\/2015\/02\/ski1-1-150x150.jpg\" alt=\"Seillift\" width=\"150\" height=\"150\" \/><\/a><\/p>\n<h3>Impressionen von unseren Pisten und Abfahrten<\/h3>\n<p><iframe loading=\"lazy\" src=\"https:\/\/www.youtube.com\/embed\/lqHHRvIAIng\" width=\"200\" height=\"112\" frameborder=\"0\" allowfullscreen=\"allowfullscreen\"><\/iframe><\/p>","protected":false},"excerpt":{"rendered":"<p>Lifte Schlepplift Der Schlepplift war der erste Lift am Skihang Antoni\u00a0und bringt die Skifahrer zum Einstig der\u00a0Antoni- und Waldbahnabfahrt. Kinderlift Der Kinderlift ist ein Teller\/-B\u00fcgellift der von unseren kleinen und gro\u00dfen Skifahrern gerne genutzt wird. Skischul-Seillift Auf der Skischul-Fl\u00e4che befindet <a class=\"more-link\" href=\"https:\/\/4-host.de\/sc-fridingen\/lift-und-pistenplan\/\"><span class=\"screen-reader-text\">  Lift und Pistenplan<\/span> weiterlesen<span class=\"meta-nav\">&rarr;<\/span><\/a><\/p>\n","protected":false},"author":1,"featured_media":0,"parent":0,"menu_order":0,"comment_status":"open","ping_status":"open","template":"","meta":{"footnotes":""},"class_list":["post-1364","page","type-page","status-publish","hentry"],"_links":{"self":[{"href":"https:\/\/4-host.de\/sc-fridingen\/wp-json\/wp\/v2\/pages\/1364","targetHints":{"allow":["GET"]}}],"collection":[{"href":"https:\/\/4-host.de\/sc-fridingen\/wp-json\/wp\/v2\/pages"}],"about":[{"href":"https:\/\/4-host.de\/sc-fridingen\/wp-json\/wp\/v2\/types\/page"}],"author":[{"embeddable":true,"href":"https:\/\/4-host.de\/sc-fridingen\/wp-json\/wp\/v2\/users\/1"}],"replies":[{"embeddable":true,"href":"https:\/\/4-host.de\/sc-fridingen\/wp-json\/wp\/v2\/comments?post=1364"}],"version-history":[{"count":12,"href":"https:\/\/4-host.de\/sc-fridingen\/wp-json\/wp\/v2\/pages\/1364\/revisions"}],"predecessor-version":[{"id":3693,"href":"https:\/\/4-host.de\/sc-fridingen\/wp-json\/wp\/v2\/pages\/1364\/revisions\/3693"}],"wp:attachment":[{"href":"https:\/\/4-host.de\/sc-fridingen\/wp-json\/wp\/v2\/media?parent=1364"}],"curies":[{"name":"wp","href":"https:\/\/api.w.org\/{rel}","templated":true}]}}