{"id":13,"date":"2013-04-17T16:22:26","date_gmt":"2013-04-17T14:22:26","guid":{"rendered":"http:\/\/4-host.de\/sc-fridingen\/?page_id=13"},"modified":"2025-06-30T20:02:47","modified_gmt":"2025-06-30T18:02:47","slug":"ausschuss","status":"publish","type":"page","link":"https:\/\/4-host.de\/sc-fridingen\/ausschuss\/","title":{"rendered":"Ausschuss"},"content":{"rendered":"\n<h2 class=\"wp-block-heading\"><strong>SCF Ausschuss ab dem 01. Mai 2025:<\/strong><\/h2>\n\n\n\n<figure class=\"wp-block-table\"><table><tbody><tr><td><strong>1. Vorsitzende<\/strong><\/td><td class=\"has-text-align-left\" data-align=\"left\">Florian Ott<\/td><td>Stefan D\u00fcmmel<\/td><\/tr><tr><td><strong>2. Vorsitzende<\/strong><\/td><td class=\"has-text-align-left\" data-align=\"left\">Sven Wirth<\/td><td>Jan Lubetzke<\/td><\/tr><tr><td><strong>Kassier<\/strong><\/td><td class=\"has-text-align-left\" data-align=\"left\">Gerald Hipp<\/td><td><\/td><\/tr><tr><td><strong>Schriftf\u00fchrer und Pressewart<\/strong><\/td><td class=\"has-text-align-left\" data-align=\"left\">Nils Ludewig<\/td><td><\/td><\/tr><tr><td><strong>Jugendleiter<\/strong><\/td><td class=\"has-text-align-left\" data-align=\"left\">Mara Schiele<\/td><td>Emma Kappeler<\/td><\/tr><tr><td>Sportwart<\/td><td class=\"has-text-align-left\" data-align=\"left\"><em>-bleibt frei-<\/em><\/td><td><em>-bleibt frei-<\/em><\/td><\/tr><tr><td>Ger\u00e4tewart<\/td><td class=\"has-text-align-left\" data-align=\"left\">Raphael K\u00f6nig<\/td><td>Sven Wirth<\/td><\/tr><tr><td><\/td><td class=\"has-text-align-left\" data-align=\"left\"><\/td><td>&nbsp;<\/td><\/tr><tr><td>Skischulleiter<\/td><td class=\"has-text-align-left\" data-align=\"left\">Jan Lubetzke<\/td><td><\/td><\/tr><tr><td>H\u00fcttenwart \/ Einkauf<\/td><td class=\"has-text-align-left\" data-align=\"left\">Manuel Witke<\/td><td>Axel Frech&nbsp;<\/td><\/tr><tr><td>Beisitzer<\/td><td class=\"has-text-align-left\" data-align=\"left\">Stephan Hofer<\/td><td>Iris Hermann<\/td><\/tr><tr><td>&nbsp;<\/td><td class=\"has-text-align-left\" data-align=\"left\">Uwe Reizner<\/td><td>Mario Spiertz<\/td><\/tr><tr><td>&nbsp;<\/td><td class=\"has-text-align-left\" data-align=\"left\">Michael Heni<\/td><td>&#8211;<em>bleibt frei<\/em>&#8211;<\/td><\/tr><tr><td>&nbsp;<\/td><td class=\"has-text-align-left\" data-align=\"left\"><em>-bleibt frei-<\/em><\/td><td>&#8211;<em>bleibt frei<\/em>&#8211;<\/td><\/tr><tr><td>Kassenpr\u00fcfer<\/td><td class=\"has-text-align-left\" data-align=\"left\">Steffen Epple<\/td><td>Klaus Hafner<\/td><\/tr><\/tbody><\/table><\/figure>\n\n\n\n<p><\/p>\n","protected":false},"excerpt":{"rendered":"<p>SCF Ausschuss ab dem 01. Mai 2025: 1. Vorsitzende Florian Ott Stefan D\u00fcmmel 2. Vorsitzende Sven Wirth Jan Lubetzke Kassier Gerald Hipp Schriftf\u00fchrer und Pressewart Nils Ludewig Jugendleiter Mara Schiele Emma Kappeler Sportwart -bleibt frei- -bleibt frei- Ger\u00e4tewart Raphael K\u00f6nig <a class=\"more-link\" href=\"https:\/\/4-host.de\/sc-fridingen\/ausschuss\/\"><span class=\"screen-reader-text\">  Ausschuss<\/span> weiterlesen<span class=\"meta-nav\">&rarr;<\/span><\/a><\/p>\n","protected":false},"author":1,"featured_media":0,"parent":0,"menu_order":0,"comment_status":"closed","ping_status":"closed","template":"","meta":{"footnotes":""},"class_list":["post-13","page","type-page","status-publish","hentry"],"_links":{"self":[{"href":"https:\/\/4-host.de\/sc-fridingen\/wp-json\/wp\/v2\/pages\/13","targetHints":{"allow":["GET"]}}],"collection":[{"href":"https:\/\/4-host.de\/sc-fridingen\/wp-json\/wp\/v2\/pages"}],"about":[{"href":"https:\/\/4-host.de\/sc-fridingen\/wp-json\/wp\/v2\/types\/page"}],"author":[{"embeddable":true,"href":"https:\/\/4-host.de\/sc-fridingen\/wp-json\/wp\/v2\/users\/1"}],"replies":[{"embeddable":true,"href":"https:\/\/4-host.de\/sc-fridingen\/wp-json\/wp\/v2\/comments?post=13"}],"version-history":[{"count":33,"href":"https:\/\/4-host.de\/sc-fridingen\/wp-json\/wp\/v2\/pages\/13\/revisions"}],"predecessor-version":[{"id":4505,"href":"https:\/\/4-host.de\/sc-fridingen\/wp-json\/wp\/v2\/pages\/13\/revisions\/4505"}],"wp:attachment":[{"href":"https:\/\/4-host.de\/sc-fridingen\/wp-json\/wp\/v2\/media?parent=13"}],"curies":[{"name":"wp","href":"https:\/\/api.w.org\/{rel}","templated":true}]}}